{"id":8152,"date":"2025-09-13T17:09:29","date_gmt":"2025-09-13T17:09:29","guid":{"rendered":"https:\/\/myfiftybirthdaymarta.com\/?page_id=8152"},"modified":"2025-09-20T11:23:15","modified_gmt":"2025-09-20T11:23:15","slug":"muro","status":"publish","type":"page","link":"https:\/\/myfiftybirthdaymarta.com\/en\/muro\/","title":{"rendered":"Congrats wall"},"content":{"rendered":"<div data-elementor-type=\"wp-page\" data-elementor-id=\"8152\" class=\"elementor elementor-8152\">\n\t\t\t\t<div class=\"elementor-element elementor-element-a6deb4c e-flex e-con-boxed e-con e-parent\" data-id=\"a6deb4c\" data-element_type=\"container\">\n\t\t\t\t\t<div class=\"e-con-inner\">\n\t\t\t\t<div class=\"elementor-element elementor-element-24e75fc elementor-widget elementor-widget-shortcode\" data-id=\"24e75fc\" data-element_type=\"widget\" data-widget_type=\"shortcode.default\">\n\t\t\t\t\t\t\t<div class=\"elementor-shortcode\"><script id=\"confetti-trigger\">document.addEventListener( 'DOMContentLoaded', function( event ) { document.dispatchEvent( new CustomEvent( 'confetti' ) ); } );<\/script><\/div>\n\t\t\t\t\t\t<\/div>\n\t\t\t\t<div class=\"elementor-element elementor-element-e869753 elementor-widget elementor-widget-heading\" data-id=\"e869753\" data-element_type=\"widget\" data-widget_type=\"heading.default\">\n\t\t\t\t\t<h2 class=\"elementor-heading-title elementor-size-default\">The photos you upload from the trip and the event will appear on this page, so that both Marta and everyone else have wonderful memories of this great weekend.<\/h2>\t\t\t\t<\/div>\n\t\t\t\t\t<\/div>\n\t\t\t\t<\/div>\n\t\t<div class=\"elementor-element elementor-element-f3885ef e-flex e-con-boxed e-con e-parent\" data-id=\"f3885ef\" data-element_type=\"container\">\n\t\t\t\t\t<div class=\"e-con-inner\">\n\t\t\t\t\t<\/div>\n\t\t\t\t<\/div>\n\t\t<div class=\"elementor-element elementor-element-eb5b695 e-flex e-con-boxed e-con e-parent\" data-id=\"eb5b695\" data-element_type=\"container\">\n\t\t\t\t\t<div class=\"e-con-inner\">\n\t\t\t\t<div class=\"elementor-element elementor-element-3e96c6e elementor-widget elementor-widget-shortcode\" data-id=\"3e96c6e\" data-element_type=\"widget\" data-widget_type=\"shortcode.default\">\n\t\t\t\t\t\t\t<div class=\"elementor-shortcode\">\n\n<style>\n\t\t@media only screen and (min-width: 1024px) {\n                .flexi_column_3 .flexi_masonry {\n                        columns: 3;\n\t\t\t\t}\n\t\t}\n<\/style>\n<div id=\"flexi_gallery\" class=\"fl-columns fl-is-multiline flexi_column_3\">\n\t\t<div class=\"fl-column fl-is-full\">\n\t\t\t\t<div class=\"flexi_masonry\" id=\"flexi_main_loop\">\n<div class=\"flexi_gallery_child flexi_padding\" id=\"flexi_8556\" style=\"position: relative;\"\n    data-tags=\",\">\n    <div class=\"flexi_masonry-item\">\n        <div class=\"flexi_effect flexi_show_popup_on\" id=\"flexi_effect_none\">\n\n            <a\n                data-fancybox-trigger href=\"https:\/\/myfiftybirthdaymarta.com\/wp-content\/uploads\/2025\/10\/IMG-20251005-WA0017-1024x768.jpg\" data-src=\"https:\/\/myfiftybirthdaymarta.com\/wp-content\/uploads\/2025\/10\/IMG-20251005-WA0017-1024x768.jpg\" data-caption=\"quintairos-domenech-casadevall\" border=\"0\">\n                <img decoding=\"async\" class=\"flexi-fit_cover\" src=\"https:\/\/myfiftybirthdaymarta.com\/wp-content\/uploads\/2025\/10\/IMG-20251005-WA0017-300x225.jpg\">\n\n                <div id=\"flexi_info\" class=\"flexi_caption_4\">\n                    <div class=\"flexi_title\">Quintairos Domenech Casadevall<\/div>\n                    <div class=\"flexi_p\"><\/div>\n                <\/div>\n                <div class=\"flexi_figcaption\">Quintairos Domenech Casadevall<\/div>\n            <\/a>\n\n        <\/div>\n    <\/div>\n<\/div>\n<div style=\"display: none;\" id=\"flexi_inline_8556\">\n    <h2>Quintairos Domenech Casadevall<\/h2>\n<\/div>\n<div class=\"godude-desc flexi_desc_8556\">\n    <p><\/p>\n    <p><p>web3yak<\/p>\n<\/p>\n<\/div><div class=\"flexi_gallery_child flexi_padding\" id=\"flexi_8554\" style=\"position: relative;\"\n    data-tags=\",\">\n    <div class=\"flexi_masonry-item\">\n        <div class=\"flexi_effect flexi_show_popup_on\" id=\"flexi_effect_none\">\n\n            <a\n                data-fancybox-trigger href=\"https:\/\/myfiftybirthdaymarta.com\/wp-content\/uploads\/2025\/10\/IMG-20251005-WA0007-1024x768.jpg\" data-src=\"https:\/\/myfiftybirthdaymarta.com\/wp-content\/uploads\/2025\/10\/IMG-20251005-WA0007-1024x768.jpg\" data-caption=\"luis-augusto-y-quintis\" border=\"0\">\n                <img decoding=\"async\" class=\"flexi-fit_cover\" src=\"https:\/\/myfiftybirthdaymarta.com\/wp-content\/uploads\/2025\/10\/IMG-20251005-WA0007-300x225.jpg\">\n\n                <div id=\"flexi_info\" class=\"flexi_caption_4\">\n                    <div class=\"flexi_title\">Luis Augusto y Quintis<\/div>\n                    <div class=\"flexi_p\"><\/div>\n                <\/div>\n                <div class=\"flexi_figcaption\">Luis Augusto y Quintis<\/div>\n            <\/a>\n\n        <\/div>\n    <\/div>\n<\/div>\n<div style=\"display: none;\" id=\"flexi_inline_8554\">\n    <h2>Luis Augusto y Quintis<\/h2>\n<\/div>\n<div class=\"godude-desc flexi_desc_8554\">\n    <p><\/p>\n    <p><p>web3yak<\/p>\n<\/p>\n<\/div><div class=\"flexi_gallery_child flexi_padding\" id=\"flexi_8552\" style=\"position: relative;\"\n    data-tags=\",\">\n    <div class=\"flexi_masonry-item\">\n        <div class=\"flexi_effect flexi_show_popup_on\" id=\"flexi_effect_none\">\n\n            <a\n                data-fancybox-trigger href=\"https:\/\/myfiftybirthdaymarta.com\/wp-content\/uploads\/2025\/10\/IMG-20251005-WA0015-1024x768.jpg\" data-src=\"https:\/\/myfiftybirthdaymarta.com\/wp-content\/uploads\/2025\/10\/IMG-20251005-WA0015-1024x768.jpg\" data-caption=\"quintairos-domenech-casadevall\" border=\"0\">\n                <img decoding=\"async\" class=\"flexi-fit_cover\" src=\"https:\/\/myfiftybirthdaymarta.com\/wp-content\/uploads\/2025\/10\/IMG-20251005-WA0015-300x225.jpg\">\n\n                <div id=\"flexi_info\" class=\"flexi_caption_4\">\n                    <div class=\"flexi_title\">Quintairos Domenech Casadevall<\/div>\n                    <div class=\"flexi_p\"><\/div>\n                <\/div>\n                <div class=\"flexi_figcaption\">Quintairos Domenech Casadevall<\/div>\n            <\/a>\n\n        <\/div>\n    <\/div>\n<\/div>\n<div style=\"display: none;\" id=\"flexi_inline_8552\">\n    <h2>Quintairos Domenech Casadevall<\/h2>\n<\/div>\n<div class=\"godude-desc flexi_desc_8552\">\n    <p><\/p>\n    <p><p>web3yak<\/p>\n<\/p>\n<\/div><div class=\"flexi_gallery_child flexi_padding\" id=\"flexi_8550\" style=\"position: relative;\"\n    data-tags=\",\">\n    <div class=\"flexi_masonry-item\">\n        <div class=\"flexi_effect flexi_show_popup_on\" id=\"flexi_effect_none\">\n\n            <a\n                data-fancybox-trigger href=\"https:\/\/myfiftybirthdaymarta.com\/wp-content\/uploads\/2025\/10\/IMG-20251005-WA0011-1-1024x768.jpg\" data-src=\"https:\/\/myfiftybirthdaymarta.com\/wp-content\/uploads\/2025\/10\/IMG-20251005-WA0011-1-1024x768.jpg\" data-caption=\"quintairos-domenech\" border=\"0\">\n                <img decoding=\"async\" class=\"flexi-fit_cover\" src=\"https:\/\/myfiftybirthdaymarta.com\/wp-content\/uploads\/2025\/10\/IMG-20251005-WA0011-1-300x225.jpg\">\n\n                <div id=\"flexi_info\" class=\"flexi_caption_4\">\n                    <div class=\"flexi_title\">Quintairos Domenech<\/div>\n                    <div class=\"flexi_p\"><\/div>\n                <\/div>\n                <div class=\"flexi_figcaption\">Quintairos Domenech<\/div>\n            <\/a>\n\n        <\/div>\n    <\/div>\n<\/div>\n<div style=\"display: none;\" id=\"flexi_inline_8550\">\n    <h2>Quintairos Domenech<\/h2>\n<\/div>\n<div class=\"godude-desc flexi_desc_8550\">\n    <p><\/p>\n    <p><p>web3yak<\/p>\n<\/p>\n<\/div><div class=\"flexi_gallery_child flexi_padding\" id=\"flexi_8548\" style=\"position: relative;\"\n    data-tags=\",\">\n    <div class=\"flexi_masonry-item\">\n        <div class=\"flexi_effect flexi_show_popup_on\" id=\"flexi_effect_none\">\n\n            <a\n                data-fancybox-trigger href=\"https:\/\/myfiftybirthdaymarta.com\/wp-content\/uploads\/2025\/10\/IMG-20251005-WA0011-1024x768.jpg\" data-src=\"https:\/\/myfiftybirthdaymarta.com\/wp-content\/uploads\/2025\/10\/IMG-20251005-WA0011-1024x768.jpg\" data-caption=\"quintairos-domenech\" border=\"0\">\n                <img decoding=\"async\" class=\"flexi-fit_cover\" src=\"https:\/\/myfiftybirthdaymarta.com\/wp-content\/uploads\/2025\/10\/IMG-20251005-WA0011-300x225.jpg\">\n\n                <div id=\"flexi_info\" class=\"flexi_caption_4\">\n                    <div class=\"flexi_title\">Quintairos Domenech<\/div>\n                    <div class=\"flexi_p\"><\/div>\n                <\/div>\n                <div class=\"flexi_figcaption\">Quintairos Domenech<\/div>\n            <\/a>\n\n        <\/div>\n    <\/div>\n<\/div>\n<div style=\"display: none;\" id=\"flexi_inline_8548\">\n    <h2>Quintairos Domenech<\/h2>\n<\/div>\n<div class=\"godude-desc flexi_desc_8548\">\n    <p><\/p>\n    <p><p>web3yak<\/p>\n<\/p>\n<\/div><div class=\"flexi_gallery_child flexi_padding\" id=\"flexi_8545\" style=\"position: relative;\"\n    data-tags=\",\">\n    <div class=\"flexi_masonry-item\">\n        <div class=\"flexi_effect flexi_show_popup_on\" id=\"flexi_effect_none\">\n\n            <a\n                data-fancybox-trigger href=\"https:\/\/myfiftybirthdaymarta.com\/wp-content\/uploads\/2025\/10\/AA3ED6D4-2C55-4DCF-8F89-1215C7084C29-2-576x1024.jpeg\" data-src=\"https:\/\/myfiftybirthdaymarta.com\/wp-content\/uploads\/2025\/10\/AA3ED6D4-2C55-4DCF-8F89-1215C7084C29-2-576x1024.jpeg\" data-caption=\"la-vieira-el-plato-fav-de-marta\" border=\"0\">\n                <img decoding=\"async\" class=\"flexi-fit_cover\" src=\"https:\/\/myfiftybirthdaymarta.com\/wp-content\/uploads\/2025\/10\/AA3ED6D4-2C55-4DCF-8F89-1215C7084C29-2-169x300.jpeg\">\n\n                <div id=\"flexi_info\" class=\"flexi_caption_4\">\n                    <div class=\"flexi_title\">La Vieira - el plato fav de Marta<\/div>\n                    <div class=\"flexi_p\"><\/div>\n                <\/div>\n                <div class=\"flexi_figcaption\">La Vieira - el plato fav de Marta<\/div>\n            <\/a>\n\n        <\/div>\n    <\/div>\n<\/div>\n<div style=\"display: none;\" id=\"flexi_inline_8545\">\n    <h2>La Vieira - el plato fav de Marta<\/h2>\n<\/div>\n<div class=\"godude-desc flexi_desc_8545\">\n    <p><\/p>\n    <p><p>web3yak<\/p>\n<\/p>\n<\/div><div class=\"flexi_gallery_child flexi_padding\" id=\"flexi_8543\" style=\"position: relative;\"\n    data-tags=\",\">\n    <div class=\"flexi_masonry-item\">\n        <div class=\"flexi_effect flexi_show_popup_on\" id=\"flexi_effect_none\">\n\n            <a\n                data-fancybox-trigger href=\"https:\/\/myfiftybirthdaymarta.com\/wp-content\/uploads\/2025\/10\/AA3ED6D4-2C55-4DCF-8F89-1215C7084C29-1-576x1024.jpeg\" data-src=\"https:\/\/myfiftybirthdaymarta.com\/wp-content\/uploads\/2025\/10\/AA3ED6D4-2C55-4DCF-8F89-1215C7084C29-1-576x1024.jpeg\" data-caption=\"la-vieira-el-plato-fav-de-marta\" border=\"0\">\n                <img decoding=\"async\" class=\"flexi-fit_cover\" src=\"https:\/\/myfiftybirthdaymarta.com\/wp-content\/uploads\/2025\/10\/AA3ED6D4-2C55-4DCF-8F89-1215C7084C29-1-169x300.jpeg\">\n\n                <div id=\"flexi_info\" class=\"flexi_caption_4\">\n                    <div class=\"flexi_title\">La Vieira - el plato fav de Marta<\/div>\n                    <div class=\"flexi_p\"><\/div>\n                <\/div>\n                <div class=\"flexi_figcaption\">La Vieira - el plato fav de Marta<\/div>\n            <\/a>\n\n        <\/div>\n    <\/div>\n<\/div>\n<div style=\"display: none;\" id=\"flexi_inline_8543\">\n    <h2>La Vieira - el plato fav de Marta<\/h2>\n<\/div>\n<div class=\"godude-desc flexi_desc_8543\">\n    <p><\/p>\n    <p><p>web3yak<\/p>\n<\/p>\n<\/div><div class=\"flexi_gallery_child flexi_padding\" id=\"flexi_8541\" style=\"position: relative;\"\n    data-tags=\",\">\n    <div class=\"flexi_masonry-item\">\n        <div class=\"flexi_effect flexi_show_popup_on\" id=\"flexi_effect_none\">\n\n            <a\n                data-fancybox-trigger href=\"https:\/\/myfiftybirthdaymarta.com\/wp-content\/uploads\/2025\/10\/IMG_7743-1-768x1024.jpeg\" data-src=\"https:\/\/myfiftybirthdaymarta.com\/wp-content\/uploads\/2025\/10\/IMG_7743-1-768x1024.jpeg\" data-caption=\"las-sandalias-de-marta-wow\" border=\"0\">\n                <img decoding=\"async\" class=\"flexi-fit_cover\" src=\"https:\/\/myfiftybirthdaymarta.com\/wp-content\/uploads\/2025\/10\/IMG_7743-1-225x300.jpeg\">\n\n                <div id=\"flexi_info\" class=\"flexi_caption_4\">\n                    <div class=\"flexi_title\">Las Sandalias de Marta - wow<\/div>\n                    <div class=\"flexi_p\"><\/div>\n                <\/div>\n                <div class=\"flexi_figcaption\">Las Sandalias de Marta - wow<\/div>\n            <\/a>\n\n        <\/div>\n    <\/div>\n<\/div>\n<div style=\"display: none;\" id=\"flexi_inline_8541\">\n    <h2>Las Sandalias de Marta - wow<\/h2>\n<\/div>\n<div class=\"godude-desc flexi_desc_8541\">\n    <p><\/p>\n    <p><p>web3yak<\/p>\n<\/p>\n<\/div><div class=\"flexi_gallery_child flexi_padding\" id=\"flexi_8539\" style=\"position: relative;\"\n    data-tags=\",\">\n    <div class=\"flexi_masonry-item\">\n        <div class=\"flexi_effect flexi_show_popup_on\" id=\"flexi_effect_none\">\n\n            <a\n                data-fancybox-trigger href=\"https:\/\/myfiftybirthdaymarta.com\/wp-content\/uploads\/2025\/10\/IMG_7743-768x1024.jpeg\" data-src=\"https:\/\/myfiftybirthdaymarta.com\/wp-content\/uploads\/2025\/10\/IMG_7743-768x1024.jpeg\" data-caption=\"fin-de-fiesta-casi-media-noche\" border=\"0\">\n                <img decoding=\"async\" class=\"flexi-fit_cover\" src=\"https:\/\/myfiftybirthdaymarta.com\/wp-content\/uploads\/2025\/10\/IMG_7743-225x300.jpeg\">\n\n                <div id=\"flexi_info\" class=\"flexi_caption_4\">\n                    <div class=\"flexi_title\">Fin de Fiesta - casi media noche<\/div>\n                    <div class=\"flexi_p\"><\/div>\n                <\/div>\n                <div class=\"flexi_figcaption\">Fin de Fiesta - casi media noche<\/div>\n            <\/a>\n\n        <\/div>\n    <\/div>\n<\/div>\n<div style=\"display: none;\" id=\"flexi_inline_8539\">\n    <h2>Fin de Fiesta - casi media noche<\/h2>\n<\/div>\n<div class=\"godude-desc flexi_desc_8539\">\n    <p><\/p>\n    <p><p>web3yak<\/p>\n<\/p>\n<\/div><div class=\"flexi_gallery_child flexi_padding\" id=\"flexi_8537\" style=\"position: relative;\"\n    data-tags=\",\">\n    <div class=\"flexi_masonry-item\">\n        <div class=\"flexi_effect flexi_show_popup_on\" id=\"flexi_effect_none\">\n\n            <a\n                data-fancybox-trigger href=\"https:\/\/myfiftybirthdaymarta.com\/wp-content\/uploads\/2025\/10\/IMG_7802-768x1024.jpeg\" data-src=\"https:\/\/myfiftybirthdaymarta.com\/wp-content\/uploads\/2025\/10\/IMG_7802-768x1024.jpeg\" data-caption=\"fin-de-fiesta-casi-media-noche\" border=\"0\">\n                <img decoding=\"async\" class=\"flexi-fit_cover\" src=\"https:\/\/myfiftybirthdaymarta.com\/wp-content\/uploads\/2025\/10\/IMG_7802-225x300.jpeg\">\n\n                <div id=\"flexi_info\" class=\"flexi_caption_4\">\n                    <div class=\"flexi_title\">Fin de Fiesta - casi media noche<\/div>\n                    <div class=\"flexi_p\"><\/div>\n                <\/div>\n                <div class=\"flexi_figcaption\">Fin de Fiesta - casi media noche<\/div>\n            <\/a>\n\n        <\/div>\n    <\/div>\n<\/div>\n<div style=\"display: none;\" id=\"flexi_inline_8537\">\n    <h2>Fin de Fiesta - casi media noche<\/h2>\n<\/div>\n<div class=\"godude-desc flexi_desc_8537\">\n    <p><\/p>\n    <p><p>web3yak<\/p>\n<\/p>\n<\/div><\/div>\n<\/div>\n<\/div>\n<div id='gallery_layout' style='display:none'>masonry<\/div><div id='popup' style='display:none'>on<\/div><div id='album' style='display:none'><\/div><div id='max_paged' style='display:none'>7<\/div><div id='search' style='display:none'><\/div><div id='postsperpage' style='display:none'>10<\/div><div id='column' style='display:none'>3<\/div><div id='orderby' style='display:none'><\/div><div id='user' style='display:none'><\/div><div id='keyword' style='display:none'><\/div><div id='padding' style='display:none'>2px<\/div><div id='hover_effect' style='display:none'>flexi_effect_none<\/div><div id='php_field' style='display:none'><\/div><div id='hover_caption' style='display:none'>flexi_caption_4<\/div><div id='evalue' style='display:none'>,title:on,excerpt:on,author:on,date:on,<\/div><div id='attach' style='display:none'><\/div><div id='attach_id' style='display:none'>8152<\/div><div id='filter' style='display:none'><\/div><div id='post_status' style='display:none'>publish<\/div><style>\n    :root {\n        --flexi_user_width: 500px;\n        --flexi_user_height: 500px;\n        --flexi_user_column: 3;\n    }\n<\/style><\/div>\n\t\t\t\t\t\t<\/div>\n\t\t\t\t\t<\/div>\n\t\t\t\t<\/div>\n\t\t\t\t<\/div>","protected":false},"excerpt":{"rendered":"<p>The photos you upload from the trip and the event will appear on this page, so that both Marta and everyone else have wonderful memories of this great weekend.<\/p>","protected":false},"author":3,"featured_media":0,"parent":0,"menu_order":0,"comment_status":"closed","ping_status":"closed","template":"","meta":{"footnotes":""},"class_list":["post-8152","page","type-page","status-publish","hentry","entry"],"yoast_head":"<!-- This site is optimized with the Yoast SEO plugin v25.9 - https:\/\/yoast.com\/wordpress\/plugins\/seo\/ -->\n<title>Muro de felicitaciones - Marta Rey<\/title>\n<meta name=\"robots\" content=\"index, follow, max-snippet:-1, max-image-preview:large, max-video-preview:-1\" \/>\n<link rel=\"canonical\" href=\"https:\/\/myfiftybirthdaymarta.com\/en\/muro\/\" \/>\n<meta property=\"og:locale\" content=\"en_GB\" \/>\n<meta property=\"og:type\" content=\"article\" \/>\n<meta property=\"og:title\" content=\"Muro de felicitaciones - Marta Rey\" \/>\n<meta property=\"og:description\" content=\"En esta p\u00e1gina ir\u00e1n apareciendo las fotos que sub\u00e1is del viaje y del evento, para que tanto Marta como todos tengamos un recuerdo maravilloso de este fin de semana genial\" \/>\n<meta property=\"og:url\" content=\"https:\/\/myfiftybirthdaymarta.com\/en\/muro\/\" \/>\n<meta property=\"og:site_name\" content=\"Marta Rey\" \/>\n<meta property=\"article:modified_time\" content=\"2025-09-20T11:23:15+00:00\" \/>\n<meta name=\"twitter:card\" content=\"summary_large_image\" \/>\n<meta name=\"twitter:label1\" content=\"Estimated reading time\" \/>\n\t<meta name=\"twitter:data1\" content=\"1 minute\" \/>\n<script type=\"application\/ld+json\" class=\"yoast-schema-graph\">{\"@context\":\"https:\/\/schema.org\",\"@graph\":[{\"@type\":\"WebPage\",\"@id\":\"https:\/\/myfiftybirthdaymarta.com\/muro\/\",\"url\":\"https:\/\/myfiftybirthdaymarta.com\/muro\/\",\"name\":\"Muro de felicitaciones - Marta Rey\",\"isPartOf\":{\"@id\":\"https:\/\/myfiftybirthdaymarta.com\/#website\"},\"datePublished\":\"2025-09-13T17:09:29+00:00\",\"dateModified\":\"2025-09-20T11:23:15+00:00\",\"breadcrumb\":{\"@id\":\"https:\/\/myfiftybirthdaymarta.com\/muro\/#breadcrumb\"},\"inLanguage\":\"en-GB\",\"potentialAction\":[{\"@type\":\"ReadAction\",\"target\":[\"https:\/\/myfiftybirthdaymarta.com\/muro\/\"]}]},{\"@type\":\"BreadcrumbList\",\"@id\":\"https:\/\/myfiftybirthdaymarta.com\/muro\/#breadcrumb\",\"itemListElement\":[{\"@type\":\"ListItem\",\"position\":1,\"name\":\"Portada\",\"item\":\"https:\/\/myfiftybirthdaymarta.com\/\"},{\"@type\":\"ListItem\",\"position\":2,\"name\":\"Muro de felicitaciones\"}]},{\"@type\":\"WebSite\",\"@id\":\"https:\/\/myfiftybirthdaymarta.com\/#website\",\"url\":\"https:\/\/myfiftybirthdaymarta.com\/\",\"name\":\"Marta Rey\",\"description\":\"50 Birthday Marta\",\"publisher\":{\"@id\":\"https:\/\/myfiftybirthdaymarta.com\/#organization\"},\"potentialAction\":[{\"@type\":\"SearchAction\",\"target\":{\"@type\":\"EntryPoint\",\"urlTemplate\":\"https:\/\/myfiftybirthdaymarta.com\/?s={search_term_string}\"},\"query-input\":{\"@type\":\"PropertyValueSpecification\",\"valueRequired\":true,\"valueName\":\"search_term_string\"}}],\"inLanguage\":\"en-GB\"},{\"@type\":\"Organization\",\"@id\":\"https:\/\/myfiftybirthdaymarta.com\/#organization\",\"name\":\"Marta Rey\",\"url\":\"https:\/\/myfiftybirthdaymarta.com\/\",\"logo\":{\"@type\":\"ImageObject\",\"inLanguage\":\"en-GB\",\"@id\":\"https:\/\/myfiftybirthdaymarta.com\/#\/schema\/logo\/image\/\",\"url\":\"https:\/\/myfiftybirthdaymarta.com\/wp-content\/uploads\/2025\/09\/cropped-Logo-Marta50-warmgrey.png\",\"contentUrl\":\"https:\/\/myfiftybirthdaymarta.com\/wp-content\/uploads\/2025\/09\/cropped-Logo-Marta50-warmgrey.png\",\"width\":316,\"height\":290,\"caption\":\"Marta Rey\"},\"image\":{\"@id\":\"https:\/\/myfiftybirthdaymarta.com\/#\/schema\/logo\/image\/\"}}]}<\/script>\n<!-- \/ Yoast SEO plugin. -->","yoast_head_json":{"title":"Muro de felicitaciones - Marta Rey","robots":{"index":"index","follow":"follow","max-snippet":"max-snippet:-1","max-image-preview":"max-image-preview:large","max-video-preview":"max-video-preview:-1"},"canonical":"https:\/\/myfiftybirthdaymarta.com\/en\/muro\/","og_locale":"en_GB","og_type":"article","og_title":"Muro de felicitaciones - Marta Rey","og_description":"En esta p\u00e1gina ir\u00e1n apareciendo las fotos que sub\u00e1is del viaje y del evento, para que tanto Marta como todos tengamos un recuerdo maravilloso de este fin de semana genial","og_url":"https:\/\/myfiftybirthdaymarta.com\/en\/muro\/","og_site_name":"Marta Rey","article_modified_time":"2025-09-20T11:23:15+00:00","twitter_card":"summary_large_image","twitter_misc":{"Estimated reading time":"1 minute"},"schema":{"@context":"https:\/\/schema.org","@graph":[{"@type":"WebPage","@id":"https:\/\/myfiftybirthdaymarta.com\/muro\/","url":"https:\/\/myfiftybirthdaymarta.com\/muro\/","name":"Muro de felicitaciones - Marta Rey","isPartOf":{"@id":"https:\/\/myfiftybirthdaymarta.com\/#website"},"datePublished":"2025-09-13T17:09:29+00:00","dateModified":"2025-09-20T11:23:15+00:00","breadcrumb":{"@id":"https:\/\/myfiftybirthdaymarta.com\/muro\/#breadcrumb"},"inLanguage":"en-GB","potentialAction":[{"@type":"ReadAction","target":["https:\/\/myfiftybirthdaymarta.com\/muro\/"]}]},{"@type":"BreadcrumbList","@id":"https:\/\/myfiftybirthdaymarta.com\/muro\/#breadcrumb","itemListElement":[{"@type":"ListItem","position":1,"name":"Portada","item":"https:\/\/myfiftybirthdaymarta.com\/"},{"@type":"ListItem","position":2,"name":"Muro de felicitaciones"}]},{"@type":"WebSite","@id":"https:\/\/myfiftybirthdaymarta.com\/#website","url":"https:\/\/myfiftybirthdaymarta.com\/","name":"Marta Rey","description":"50 Birthday Marta","publisher":{"@id":"https:\/\/myfiftybirthdaymarta.com\/#organization"},"potentialAction":[{"@type":"SearchAction","target":{"@type":"EntryPoint","urlTemplate":"https:\/\/myfiftybirthdaymarta.com\/?s={search_term_string}"},"query-input":{"@type":"PropertyValueSpecification","valueRequired":true,"valueName":"search_term_string"}}],"inLanguage":"en-GB"},{"@type":"Organization","@id":"https:\/\/myfiftybirthdaymarta.com\/#organization","name":"Marta Rey","url":"https:\/\/myfiftybirthdaymarta.com\/","logo":{"@type":"ImageObject","inLanguage":"en-GB","@id":"https:\/\/myfiftybirthdaymarta.com\/#\/schema\/logo\/image\/","url":"https:\/\/myfiftybirthdaymarta.com\/wp-content\/uploads\/2025\/09\/cropped-Logo-Marta50-warmgrey.png","contentUrl":"https:\/\/myfiftybirthdaymarta.com\/wp-content\/uploads\/2025\/09\/cropped-Logo-Marta50-warmgrey.png","width":316,"height":290,"caption":"Marta Rey"},"image":{"@id":"https:\/\/myfiftybirthdaymarta.com\/#\/schema\/logo\/image\/"}}]}},"_links":{"self":[{"href":"https:\/\/myfiftybirthdaymarta.com\/en\/wp-json\/wp\/v2\/pages\/8152","targetHints":{"allow":["GET"]}}],"collection":[{"href":"https:\/\/myfiftybirthdaymarta.com\/en\/wp-json\/wp\/v2\/pages"}],"about":[{"href":"https:\/\/myfiftybirthdaymarta.com\/en\/wp-json\/wp\/v2\/types\/page"}],"author":[{"embeddable":true,"href":"https:\/\/myfiftybirthdaymarta.com\/en\/wp-json\/wp\/v2\/users\/3"}],"replies":[{"embeddable":true,"href":"https:\/\/myfiftybirthdaymarta.com\/en\/wp-json\/wp\/v2\/comments?post=8152"}],"version-history":[{"count":37,"href":"https:\/\/myfiftybirthdaymarta.com\/en\/wp-json\/wp\/v2\/pages\/8152\/revisions"}],"predecessor-version":[{"id":8358,"href":"https:\/\/myfiftybirthdaymarta.com\/en\/wp-json\/wp\/v2\/pages\/8152\/revisions\/8358"}],"wp:attachment":[{"href":"https:\/\/myfiftybirthdaymarta.com\/en\/wp-json\/wp\/v2\/media?parent=8152"}],"curies":[{"name":"wp","href":"https:\/\/api.w.org\/{rel}","templated":true}]}}