{"id":7064,"date":"2023-11-23T05:11:50","date_gmt":"2023-11-23T05:11:50","guid":{"rendered":"https:\/\/themeperch.net\/eventiva\/demo-1\/?page_id=7048"},"modified":"2025-09-13T18:45:33","modified_gmt":"2025-09-13T18:45:33","slug":"confirma","status":"publish","type":"page","link":"https:\/\/myfiftybirthdaymarta.com\/en\/confirma\/","title":{"rendered":"Confirm"},"content":{"rendered":"<div data-elementor-type=\"wp-page\" data-elementor-id=\"7064\" class=\"elementor elementor-7064\">\n\t\t\t\t<div class=\"elementor-element elementor-element-cecb205 e-con-full e-flex e-con e-parent\" data-id=\"cecb205\" data-element_type=\"container\">\n\t\t<div class=\"elementor-element elementor-element-67cb7ce e-con-full e-flex e-con e-child\" data-id=\"67cb7ce\" data-element_type=\"container\">\n\t\t\t\t<div class=\"elementor-element elementor-element-ea1d416 text-auto elementor-widget elementor-widget-section_title\" data-id=\"ea1d416\" data-element_type=\"widget\" data-widget_type=\"section_title.default\">\n\t\t\t\t<div class=\"elementor-widget-container\">\n\t\t\t\t\t\r\n<div class=\"row gy-4 gy-lg-0 align-items-lg-end justify-content-lg-between mb-30 mb-lg-70\">\r\n    <div class=\"col-lg-5\">\r\n        <div class=\"section-title wow fadeInRight\">\r\n            <span class=\"name straight-line-wrapper fw-semibold position-relative\"> <span class=\"straight-line\"><\/span>My 50 birthday<\/span>            <h2 class=\"title display-3 fw-extra-bold mb-n2 d-flex flex-column\">\r\n                    <span class=\"text-opacity text-auto\">Confirm<\/span>\r\n                    <span class=\"sub-title display-3 fw-extra-bold primary-text-shadow\"> Your attendance <\/span> \r\n                <\/h2>        <\/div>\r\n            <\/div>\r\n            <div class=\"col-lg-5\">\r\n            <div class=\"highlights-text wow fadeInLeft\">\r\n                <p class=\"custom-roboto text-sm-end text-start mb-2\">\r\n                    <p>Please confirm your attendance by filling out the following form. If you can't make it, please also let us know. In that case, you can also leave your message and we'll post it on the congratulations wall!<\/p>                <\/p>\r\n            <\/div>\r\n        <\/div>\r\n    <\/div>\t\t\t\t<\/div>\n\t\t\t\t<\/div>\n\t\t\t\t<\/div>\n\t\t\t\t<\/div>\n\t\t<div class=\"elementor-element elementor-element-0bf1ec3 e-flex e-con-boxed e-con e-parent\" data-id=\"0bf1ec3\" data-element_type=\"container\">\n\t\t\t\t\t<div class=\"e-con-inner\">\n\t\t<div class=\"elementor-element elementor-element-041c368 e-con-full e-flex e-con e-child\" data-id=\"041c368\" data-element_type=\"container\">\n\t\t\t\t<div class=\"elementor-element elementor-element-1acf5cc elementor-widget elementor-widget-shortcode\" data-id=\"1acf5cc\" data-element_type=\"widget\" data-widget_type=\"shortcode.default\">\n\t\t\t\t\t\t\t<div class=\"elementor-shortcode\"><style id=\"wpforms-css-vars-7553\">\n\t\t\t\t#wpforms-7553 {\n\t\t\t\t--wpforms-container-padding: 0px;\n--wpforms-container-border-width: 1px;\n--wpforms-container-border-radius: 3px;\n--wpforms-background-color: rgba(0, 0, 0, 0);\n--wpforms-field-size-input-height: 43px;\n--wpforms-field-size-input-spacing: 15px;\n--wpforms-field-size-font-size: 16px;\n--wpforms-field-size-line-height: 19px;\n--wpforms-field-size-padding-h: 14px;\n--wpforms-field-size-checkbox-size: 16px;\n--wpforms-field-size-sublabel-spacing: 5px;\n--wpforms-field-size-icon-size: 1;\n--wpforms-label-size-font-size: 16px;\n--wpforms-label-size-line-height: 19px;\n--wpforms-label-size-sublabel-font-size: 14px;\n--wpforms-label-size-sublabel-line-height: 17px;\n--wpforms-button-size-font-size: 17px;\n--wpforms-button-size-height: 41px;\n--wpforms-button-size-padding-h: 15px;\n--wpforms-button-size-margin-top: 10px;\n--wpforms-container-shadow-size-box-shadow: none;\n\n\t\t\t}\n\t\t\t<\/style><div class=\"wpforms-container wpforms-container-full wpforms-render-modern\" id=\"wpforms-7553\"><form id=\"wpforms-form-7553\" class=\"wpforms-validate wpforms-form wpforms-ajax-form\" data-formid=\"7553\" method=\"post\" enctype=\"multipart\/form-data\" action=\"\/en\/wp-json\/wp\/v2\/pages\/7064\" data-token=\"d514801aa480ebabe1781206b03b3e76\" data-token-time=\"1776306998\" data-trp-original-action=\"\/en\/wp-json\/wp\/v2\/pages\/7064\"><noscript class=\"wpforms-error-noscript\">Please enable JavaScript in your browser to complete this form.<\/noscript><div id=\"wpforms-error-noscript\" style=\"display: none;\">Please enable JavaScript in your browser to complete this form.<\/div><div class=\"wpforms-field-container\">\t\t<div id=\"wpforms-7553-field_3-container\"\n\t\t\tclass=\"wpforms-field wpforms-field-text\"\n\t\t\tdata-field-type=\"text\"\n\t\t\tdata-field-id=\"3\"\n\t\t\t>\n\t\t\t<label class=\"wpforms-field-label\" for=\"wpforms-7553-field_3\" >Nombre al cumplea\u00f1os?<\/label>\n\t\t\t<input type=\"text\" id=\"wpforms-7553-field_3\" class=\"wpforms-field-medium\" name=\"wpforms[fields][3]\" >\n\t\t<\/div>\n\t\t<div id=\"wpforms-7553-field_1-container\" class=\"wpforms-field wpforms-field-name\" data-field-id=\"1\"><fieldset><legend class=\"wpforms-field-label\">Name <span class=\"wpforms-required-label\" aria-hidden=\"true\">*<\/span><\/legend><div class=\"wpforms-field-row wpforms-field-medium\"><div class=\"wpforms-field-row-block wpforms-first wpforms-one-half\"><input type=\"text\" id=\"wpforms-7553-field_1\" class=\"wpforms-field-name-first wpforms-field-required\" name=\"wpforms[fields][1][first]\" aria-errormessage=\"wpforms-7553-field_1-error\" required><label for=\"wpforms-7553-field_1\" class=\"wpforms-field-sublabel after\">First<\/label><\/div><div class=\"wpforms-field-row-block wpforms-one-half\"><input type=\"text\" id=\"wpforms-7553-field_1-last\" class=\"wpforms-field-name-last wpforms-field-required\" name=\"wpforms[fields][1][last]\" aria-errormessage=\"wpforms-7553-field_1-last-error\" required><label for=\"wpforms-7553-field_1-last\" class=\"wpforms-field-sublabel after\">Last<\/label><\/div><\/div><\/fieldset><\/div><div id=\"wpforms-7553-field_2-container\" class=\"wpforms-field wpforms-field-email\" data-field-id=\"2\"><label class=\"wpforms-field-label\" for=\"wpforms-7553-field_2\">Email <span class=\"wpforms-required-label\" aria-hidden=\"true\">*<\/span><\/label><input type=\"email\" id=\"wpforms-7553-field_2\" class=\"wpforms-field-medium wpforms-field-required\" name=\"wpforms[fields][2]\" spellcheck=\"false\" aria-errormessage=\"wpforms-7553-field_2-error\" required><\/div><div id=\"wpforms-7553-field_6-container\" class=\"wpforms-field wpforms-field-radio\" data-field-id=\"6\"><fieldset><legend class=\"wpforms-field-label\">Are you coming to my birthday party? <span class=\"wpforms-required-label\" aria-hidden=\"true\">*<\/span><\/legend><ul id=\"wpforms-7553-field_6\" class=\"wpforms-field-required\"><li class=\"choice-1 depth-1\"><input type=\"radio\" id=\"wpforms-7553-field_6_1\" name=\"wpforms[fields][6]\" value=\"S\u00ed\" aria-errormessage=\"wpforms-7553-field_6_1-error\" required><label class=\"wpforms-field-label-inline\" for=\"wpforms-7553-field_6_1\">Yes<\/label><\/li><li class=\"choice-2 depth-1\"><input type=\"radio\" id=\"wpforms-7553-field_6_2\" name=\"wpforms[fields][6]\" value=\"No\" aria-errormessage=\"wpforms-7553-field_6_2-error\" required><label class=\"wpforms-field-label-inline\" for=\"wpforms-7553-field_6_2\">No<\/label><\/li><\/ul><\/fieldset><\/div><script>\n\t\t\t\t( function() {\n\t\t\t\t\tconst style = document.createElement( 'style' );\n\t\t\t\t\tstyle.appendChild( document.createTextNode( '#wpforms-7553-field_3-container { position: absolute !important; overflow: hidden !important; display: inline !important; height: 1px !important; width: 1px !important; z-index: -1000 !important; padding: 0 !important; } #wpforms-7553-field_3-container input { visibility: hidden; } #wpforms-conversational-form-page #wpforms-7553-field_3-container label { counter-increment: none; }' ) );\n\t\t\t\t\tdocument.head.appendChild( style );\n\t\t\t\t\tdocument.currentScript?.remove();\n\t\t\t\t} )();\n\t\t\t<\/script><\/div><!-- .wpforms-field-container --><div class=\"wpforms-recaptcha-container wpforms-is-recaptcha wpforms-is-recaptcha-type-v3\" ><input type=\"hidden\" name=\"wpforms[recaptcha]\" value=\"\"><\/div><div class=\"wpforms-submit-container\" ><input type=\"hidden\" name=\"wpforms[id]\" value=\"7553\"><input type=\"hidden\" name=\"page_title\" value=\"\"><input type=\"hidden\" name=\"page_url\" value=\"https:\/\/myfiftybirthdaymarta.com\/en\/wp-json\/wp\/v2\/pages\/7064\"><input type=\"hidden\" name=\"url_referer\" value=\"\"><button type=\"submit\" name=\"wpforms[submit]\" id=\"wpforms-submit-7553\" class=\"wpforms-submit\" data-alt-text=\"Enviando...\" data-submit-text=\"Enviar\" aria-live=\"assertive\" value=\"wpforms-submit\">Sent<\/button><img decoding=\"async\" src=\"https:\/\/myfiftybirthdaymarta.com\/wp-content\/plugins\/wpforms-lite\/assets\/images\/submit-spin.svg\" class=\"wpforms-submit-spinner\" style=\"display: none;\" width=\"26\" height=\"26\" alt=\"Loading\"><\/div><input type=\"hidden\" name=\"trp-form-language\" value=\"en\"\/><\/form><\/div>  <!-- .wpforms-container --><\/div>\n\t\t\t\t\t\t<\/div>\n\t\t\t\t<\/div>\n\t\t\t\t\t<\/div>\n\t\t\t\t<\/div>\n\t\t<div class=\"elementor-element elementor-element-d88d373 e-flex e-con-boxed e-con e-parent\" data-id=\"d88d373\" data-element_type=\"container\">\n\t\t\t\t\t<div class=\"e-con-inner\">\n\t\t\t\t<div class=\"elementor-element elementor-element-7c568c9 elementor-widget elementor-widget-event_subscription\" data-id=\"7c568c9\" data-element_type=\"widget\" data-widget_type=\"event_subscription.default\">\n\t\t\t\t<div class=\"elementor-widget-container\">\n\t\t\t\t\t\r\n<!--Subscription Section ======================-->\r\n<section class=\"subscription-section subscription-1   position-relative\">\r\n            <div class=\"ellipse-image-2\">\r\n            <img decoding=\"async\" src=\"https:\/\/myfiftybirthdaymarta.com\/wp-content\/themes\/eventiva\/assets\/images\/home-1\/ellipse-2.png\" alt=\"Shape\">\r\n        <\/div>\r\n    \r\n    <div class=\"container\">\r\n        <div class=\"subscription-wrapper py-50 py-lg-70 py-xxl-100\">\r\n            <div class=\"row justify-content-between gy-40 gy-lg-0\">\r\n                <div class=\"col-lg-5\">\r\n                    <div class=\"subscription-left-content wow fadeInRight\">\r\n                        <div class=\"section-title mb-4 mb-lg-5\">\r\n                            <span class=\"straight-line-wrapper name fw-semibold position-relative\"> <span class=\"straight-line\"><\/span>In a privileged location in Spain<\/span>                            <h2 class=\"title display-3 fw-extra-bold mb-n2 d-flex flex-column\">\r\n                                    <span class=\"text-opacity text-auto\">Galicia<\/span>\r\n                                    <span class=\"sub-title fw-extra-bold primary-text-shadow\"> Ourense <\/span>  \r\n                                <\/h2>\r\n                        <\/div>\r\n                        <!-- section-title -->\r\n                                                    <p class=\"custom-roboto mb-30\">\r\n                                <p>Galicia is a beautiful region in northwestern Spain, known for its verdant landscape, rugged coastline, and rich culture. Ourense is known for its hot springs, charming historic center, and spectacular natural surroundings, a place steeped in beauty and tradition.<\/p>                            <\/p>\r\n                                                                    <\/div>\r\n                    <!-- subscription-left-content -->\r\n                <\/div>\r\n                <!-- col-5 -->\r\n\r\n                <div class=\"col-lg-5 wow fadeInLeft\">\r\n                    <h3 class=\"straight-line-wrapper fw-semibold position-relative mb-20\"> <span class=\"straight-line\"><\/span>Map<\/h3>\r\n                    <div class=\"map-image map-subscribe-image parallax position-relative\" style=\"--eventiva-map-image: url('https:\/\/myfiftybirthdaymarta.com\/wp-content\/uploads\/2025\/08\/Ourense.png') !important\">\r\n                        <span class=\"map-marker\">\r\n                            <svg xmlns=\"http:\/\/www.w3.org\/2000\/svg\" width=\"16\" height=\"16\" fill=\"currentColor\" class=\"bi bi-geo-alt-fill\" viewbox=\"0 0 16 16\">\r\n                                <path d=\"M8 16s6-5.686 6-10A6 6 0 0 0 2 6c0 4.314 6 10 6 10zm0-7a3 3 0 1 1 0-6 3 3 0 0 1 0 6z\" \/>\r\n                            <\/svg>\r\n                        <\/span>\r\n\r\n                        <div class=\"map-popup-content\">\r\n                            <h3>Place<\/h3>                            <p>Ourense, Galicia, Espa\u00f1a<\/p>                            <a id=\"mapDirectionBtn\" href=\"javascript:void(0)\" class=\"btn btn-primary  btn-sm d-flex align-items-center justify-content-center custom-roboto gap-10\" data-bs-toggle=\"modal\" data-bs-target=\"#RoutingMapModal\">I'll wait for you here! <svg xmlns=\"http:\/\/www.w3.org\/2000\/svg\" width=\"16\" height=\"16\" fill=\"currentColor\" class=\"bi bi-arrow-right\" viewbox=\"0 0 16 16\">\r\n                                    <path fill-rule=\"evenodd\" d=\"M1 8a.5.5 0 0 1 .5-.5h11.793l-3.147-3.146a.5.5 0 0 1 .708-.708l4 4a.5.5 0 0 1 0 .708l-4 4a.5.5 0 0 1-.708-.708L13.293 8.5H1.5A.5.5 0 0 1 1 8z\" \/>\r\n                                <\/svg>\r\n                            <\/a>\r\n                        <\/div>\r\n                    <\/div>\r\n\r\n                    <!-- Modal-Map -->\r\n                    <div class=\"modal modal-xl routing-map-modal fade\" id=\"RoutingMapModal\" tabindex=\"-1\" aria-labelledby=\"RoutingMapLabel\" aria-hidden=\"true\">\r\n                        <div class=\"modal-dialog modal-dialog-centered\">\r\n                            <div class=\"modal-content\">\r\n                                <div class=\"modal-header pe-50\">\r\n                                    \r\n                                    <button type=\"button\" class=\"btn-close\" data-bs-dismiss=\"modal\" aria-label=\"Close\"><\/button>\r\n                                <\/div>\r\n                                <div class=\"modal-body\">\r\n                                    <div id=\"RoutingMap\" data-latitude=\"42.347403\" data-longitude=\" -7.868385\"><\/div>\r\n                                <\/div>\r\n                            <\/div>\r\n                        <\/div>\r\n                    <\/div>\r\n                    <!-- Modal-Map -->\r\n\r\n                <\/div>\r\n            <\/div>\r\n        <\/div>\r\n    <\/div>\r\n\r\n<\/section>\r\n<!--Subscription Section ======================-->\t\t\t\t<\/div>\n\t\t\t\t<\/div>\n\t\t\t\t\t<\/div>\n\t\t\t\t<\/div>\n\t\t\t\t<\/div>","protected":false},"excerpt":{"rendered":"<p>Mi 50 cumplea\u00f1os Confirma Tu asistencia Confirma tu asistencia rellenando el siguiente formulario. Si no puedes venir, ind\u00edcalo tambi\u00e9n por favor. \u00a1En ese caso tambi\u00e9n puedes dejar tu mensaje y lo publicaremos en el muro de felicitaciones! En un lugar privilegiado de Espa\u00f1a Galicia Ourense Galicia es una regi\u00f3n hermosa en el noroeste de Espa\u00f1a, [&hellip;]<\/p>","protected":false},"author":3,"featured_media":0,"parent":0,"menu_order":0,"comment_status":"closed","ping_status":"closed","template":"","meta":{"footnotes":""},"class_list":["post-7064","page","type-page","status-publish","hentry","entry"],"yoast_head":"<!-- This site is optimized with the Yoast SEO plugin v25.9 - https:\/\/yoast.com\/wordpress\/plugins\/seo\/ -->\n<title>Confirma - Marta Rey<\/title>\n<meta name=\"robots\" content=\"index, follow, max-snippet:-1, max-image-preview:large, max-video-preview:-1\" \/>\n<link rel=\"canonical\" href=\"https:\/\/myfiftybirthdaymarta.com\/en\/confirma\/\" \/>\n<meta property=\"og:locale\" content=\"en_GB\" \/>\n<meta property=\"og:type\" content=\"article\" \/>\n<meta property=\"og:title\" content=\"Confirma - Marta Rey\" \/>\n<meta property=\"og:description\" content=\"Mi 50 cumplea\u00f1os Confirma Tu asistencia Confirma tu asistencia rellenando el siguiente formulario. Si no puedes venir, ind\u00edcalo tambi\u00e9n por favor. \u00a1En ese caso tambi\u00e9n puedes dejar tu mensaje y lo publicaremos en el muro de felicitaciones! En un lugar privilegiado de Espa\u00f1a Galicia Ourense Galicia es una regi\u00f3n hermosa en el noroeste de Espa\u00f1a, [&hellip;]\" \/>\n<meta property=\"og:url\" content=\"https:\/\/myfiftybirthdaymarta.com\/en\/confirma\/\" \/>\n<meta property=\"og:site_name\" content=\"Marta Rey\" \/>\n<meta property=\"article:modified_time\" content=\"2025-09-13T18:45:33+00:00\" \/>\n<meta property=\"og:image\" content=\"https:\/\/myfiftybirthdaymarta.com\/wp-content\/themes\/eventiva\/assets\/images\/home-1\/ellipse-2.png\" \/>\n<meta name=\"twitter:card\" content=\"summary_large_image\" \/>\n<meta name=\"twitter:label1\" content=\"Estimated reading time\" \/>\n\t<meta name=\"twitter:data1\" content=\"1 minute\" \/>\n<script type=\"application\/ld+json\" class=\"yoast-schema-graph\">{\"@context\":\"https:\/\/schema.org\",\"@graph\":[{\"@type\":\"WebPage\",\"@id\":\"https:\/\/myfiftybirthdaymarta.com\/confirma\/\",\"url\":\"https:\/\/myfiftybirthdaymarta.com\/confirma\/\",\"name\":\"Confirma - Marta Rey\",\"isPartOf\":{\"@id\":\"https:\/\/myfiftybirthdaymarta.com\/#website\"},\"primaryImageOfPage\":{\"@id\":\"https:\/\/myfiftybirthdaymarta.com\/confirma\/#primaryimage\"},\"image\":{\"@id\":\"https:\/\/myfiftybirthdaymarta.com\/confirma\/#primaryimage\"},\"thumbnailUrl\":\"https:\/\/myfiftybirthdaymarta.com\/wp-content\/themes\/eventiva\/assets\/images\/home-1\/ellipse-2.png\",\"datePublished\":\"2023-11-23T05:11:50+00:00\",\"dateModified\":\"2025-09-13T18:45:33+00:00\",\"breadcrumb\":{\"@id\":\"https:\/\/myfiftybirthdaymarta.com\/confirma\/#breadcrumb\"},\"inLanguage\":\"en-GB\",\"potentialAction\":[{\"@type\":\"ReadAction\",\"target\":[\"https:\/\/myfiftybirthdaymarta.com\/confirma\/\"]}]},{\"@type\":\"ImageObject\",\"inLanguage\":\"en-GB\",\"@id\":\"https:\/\/myfiftybirthdaymarta.com\/confirma\/#primaryimage\",\"url\":\"https:\/\/myfiftybirthdaymarta.com\/wp-content\/themes\/eventiva\/assets\/images\/home-1\/ellipse-2.png\",\"contentUrl\":\"https:\/\/myfiftybirthdaymarta.com\/wp-content\/themes\/eventiva\/assets\/images\/home-1\/ellipse-2.png\"},{\"@type\":\"BreadcrumbList\",\"@id\":\"https:\/\/myfiftybirthdaymarta.com\/confirma\/#breadcrumb\",\"itemListElement\":[{\"@type\":\"ListItem\",\"position\":1,\"name\":\"Portada\",\"item\":\"https:\/\/myfiftybirthdaymarta.com\/\"},{\"@type\":\"ListItem\",\"position\":2,\"name\":\"Confirma\"}]},{\"@type\":\"WebSite\",\"@id\":\"https:\/\/myfiftybirthdaymarta.com\/#website\",\"url\":\"https:\/\/myfiftybirthdaymarta.com\/\",\"name\":\"Marta Rey\",\"description\":\"50 Birthday Marta\",\"publisher\":{\"@id\":\"https:\/\/myfiftybirthdaymarta.com\/#organization\"},\"potentialAction\":[{\"@type\":\"SearchAction\",\"target\":{\"@type\":\"EntryPoint\",\"urlTemplate\":\"https:\/\/myfiftybirthdaymarta.com\/?s={search_term_string}\"},\"query-input\":{\"@type\":\"PropertyValueSpecification\",\"valueRequired\":true,\"valueName\":\"search_term_string\"}}],\"inLanguage\":\"en-GB\"},{\"@type\":\"Organization\",\"@id\":\"https:\/\/myfiftybirthdaymarta.com\/#organization\",\"name\":\"Marta Rey\",\"url\":\"https:\/\/myfiftybirthdaymarta.com\/\",\"logo\":{\"@type\":\"ImageObject\",\"inLanguage\":\"en-GB\",\"@id\":\"https:\/\/myfiftybirthdaymarta.com\/#\/schema\/logo\/image\/\",\"url\":\"https:\/\/myfiftybirthdaymarta.com\/wp-content\/uploads\/2025\/09\/cropped-Logo-Marta50-warmgrey.png\",\"contentUrl\":\"https:\/\/myfiftybirthdaymarta.com\/wp-content\/uploads\/2025\/09\/cropped-Logo-Marta50-warmgrey.png\",\"width\":316,\"height\":290,\"caption\":\"Marta Rey\"},\"image\":{\"@id\":\"https:\/\/myfiftybirthdaymarta.com\/#\/schema\/logo\/image\/\"}}]}<\/script>\n<!-- \/ Yoast SEO plugin. -->","yoast_head_json":{"title":"Confirma - Marta Rey","robots":{"index":"index","follow":"follow","max-snippet":"max-snippet:-1","max-image-preview":"max-image-preview:large","max-video-preview":"max-video-preview:-1"},"canonical":"https:\/\/myfiftybirthdaymarta.com\/en\/confirma\/","og_locale":"en_GB","og_type":"article","og_title":"Confirma - Marta Rey","og_description":"Mi 50 cumplea\u00f1os Confirma Tu asistencia Confirma tu asistencia rellenando el siguiente formulario. Si no puedes venir, ind\u00edcalo tambi\u00e9n por favor. \u00a1En ese caso tambi\u00e9n puedes dejar tu mensaje y lo publicaremos en el muro de felicitaciones! En un lugar privilegiado de Espa\u00f1a Galicia Ourense Galicia es una regi\u00f3n hermosa en el noroeste de Espa\u00f1a, [&hellip;]","og_url":"https:\/\/myfiftybirthdaymarta.com\/en\/confirma\/","og_site_name":"Marta Rey","article_modified_time":"2025-09-13T18:45:33+00:00","og_image":[{"url":"https:\/\/myfiftybirthdaymarta.com\/wp-content\/themes\/eventiva\/assets\/images\/home-1\/ellipse-2.png","type":"","width":"","height":""}],"twitter_card":"summary_large_image","twitter_misc":{"Estimated reading time":"1 minute"},"schema":{"@context":"https:\/\/schema.org","@graph":[{"@type":"WebPage","@id":"https:\/\/myfiftybirthdaymarta.com\/confirma\/","url":"https:\/\/myfiftybirthdaymarta.com\/confirma\/","name":"Confirma - Marta Rey","isPartOf":{"@id":"https:\/\/myfiftybirthdaymarta.com\/#website"},"primaryImageOfPage":{"@id":"https:\/\/myfiftybirthdaymarta.com\/confirma\/#primaryimage"},"image":{"@id":"https:\/\/myfiftybirthdaymarta.com\/confirma\/#primaryimage"},"thumbnailUrl":"https:\/\/myfiftybirthdaymarta.com\/wp-content\/themes\/eventiva\/assets\/images\/home-1\/ellipse-2.png","datePublished":"2023-11-23T05:11:50+00:00","dateModified":"2025-09-13T18:45:33+00:00","breadcrumb":{"@id":"https:\/\/myfiftybirthdaymarta.com\/confirma\/#breadcrumb"},"inLanguage":"en-GB","potentialAction":[{"@type":"ReadAction","target":["https:\/\/myfiftybirthdaymarta.com\/confirma\/"]}]},{"@type":"ImageObject","inLanguage":"en-GB","@id":"https:\/\/myfiftybirthdaymarta.com\/confirma\/#primaryimage","url":"https:\/\/myfiftybirthdaymarta.com\/wp-content\/themes\/eventiva\/assets\/images\/home-1\/ellipse-2.png","contentUrl":"https:\/\/myfiftybirthdaymarta.com\/wp-content\/themes\/eventiva\/assets\/images\/home-1\/ellipse-2.png"},{"@type":"BreadcrumbList","@id":"https:\/\/myfiftybirthdaymarta.com\/confirma\/#breadcrumb","itemListElement":[{"@type":"ListItem","position":1,"name":"Portada","item":"https:\/\/myfiftybirthdaymarta.com\/"},{"@type":"ListItem","position":2,"name":"Confirma"}]},{"@type":"WebSite","@id":"https:\/\/myfiftybirthdaymarta.com\/#website","url":"https:\/\/myfiftybirthdaymarta.com\/","name":"Marta Rey","description":"50 Birthday Marta","publisher":{"@id":"https:\/\/myfiftybirthdaymarta.com\/#organization"},"potentialAction":[{"@type":"SearchAction","target":{"@type":"EntryPoint","urlTemplate":"https:\/\/myfiftybirthdaymarta.com\/?s={search_term_string}"},"query-input":{"@type":"PropertyValueSpecification","valueRequired":true,"valueName":"search_term_string"}}],"inLanguage":"en-GB"},{"@type":"Organization","@id":"https:\/\/myfiftybirthdaymarta.com\/#organization","name":"Marta Rey","url":"https:\/\/myfiftybirthdaymarta.com\/","logo":{"@type":"ImageObject","inLanguage":"en-GB","@id":"https:\/\/myfiftybirthdaymarta.com\/#\/schema\/logo\/image\/","url":"https:\/\/myfiftybirthdaymarta.com\/wp-content\/uploads\/2025\/09\/cropped-Logo-Marta50-warmgrey.png","contentUrl":"https:\/\/myfiftybirthdaymarta.com\/wp-content\/uploads\/2025\/09\/cropped-Logo-Marta50-warmgrey.png","width":316,"height":290,"caption":"Marta Rey"},"image":{"@id":"https:\/\/myfiftybirthdaymarta.com\/#\/schema\/logo\/image\/"}}]}},"_links":{"self":[{"href":"https:\/\/myfiftybirthdaymarta.com\/en\/wp-json\/wp\/v2\/pages\/7064","targetHints":{"allow":["GET"]}}],"collection":[{"href":"https:\/\/myfiftybirthdaymarta.com\/en\/wp-json\/wp\/v2\/pages"}],"about":[{"href":"https:\/\/myfiftybirthdaymarta.com\/en\/wp-json\/wp\/v2\/types\/page"}],"author":[{"embeddable":true,"href":"https:\/\/myfiftybirthdaymarta.com\/en\/wp-json\/wp\/v2\/users\/3"}],"replies":[{"embeddable":true,"href":"https:\/\/myfiftybirthdaymarta.com\/en\/wp-json\/wp\/v2\/comments?post=7064"}],"version-history":[{"count":41,"href":"https:\/\/myfiftybirthdaymarta.com\/en\/wp-json\/wp\/v2\/pages\/7064\/revisions"}],"predecessor-version":[{"id":8214,"href":"https:\/\/myfiftybirthdaymarta.com\/en\/wp-json\/wp\/v2\/pages\/7064\/revisions\/8214"}],"wp:attachment":[{"href":"https:\/\/myfiftybirthdaymarta.com\/en\/wp-json\/wp\/v2\/media?parent=7064"}],"curies":[{"name":"wp","href":"https:\/\/api.w.org\/{rel}","templated":true}]}}